{"id":63,"date":"2019-05-14T15:25:05","date_gmt":"2019-05-14T13:25:05","guid":{"rendered":"http:\/\/marlenapecyna.eu\/?page_id=63"},"modified":"2019-06-27T15:13:59","modified_gmt":"2019-06-27T13:13:59","slug":"publikacje","status":"publish","type":"page","link":"https:\/\/marlenapecyna.eu\/en\/publications\/","title":{"rendered":"Publications"},"content":{"rendered":"<p>The list below contains selected scientific and popular science publications<\/p>\n<p>&nbsp;<\/p>\n<h3><strong>Books: monographs, comments<\/strong><\/h3>\n<p>&nbsp;<\/p>\n<ol>\n<li><em>\u201eKomentarz do ustawy o ochronie praw lokator\u00f3w, mieszkaniowym zasobie gminy i o zmianie Kodeksu cywilnego\u201d<\/em>, Dom Wydawniczy ABC, Warszawa 2002; wsp\u00f3\u0142autorstwo z F. Zollem i M. Olczyk,<\/li>\n<li>\u201e<em>Kontrola wzorc\u00f3w umownych poza obrotem konsumenckim<\/em>\u201d, Zakamycze 2003,<\/li>\n<li><em>\u201eUstawa o sprzeda\u017cy konsumenckiej. Komentarz\u201d<\/em>, Zakamycze 2004,<\/li>\n<li><em>\u201eUstawa o sprzeda\u017cy konsumenckiej. Komentarz\u201d<\/em>, II wyd. (zmienione i rozszerzone wobec wydania z 2004 r.), Wolters Kluwer 2007,<\/li>\n<li><em>\u201eNaruszenie zobowi\u0105zania w \u015bwietle harmonizacji prawa zobowi\u0105za\u0144<\/em>. Studium Prawnopor\u00f3wnawcze\u201d, Warszawa 2009,<\/li>\n<li><em>EU Compendium \u2013 Fundamental Rights and Private Law <\/em>(red. Ch. Busch, H. Schulte \u2013 N\u00f6lke), Sellier \u2013 Munich, 2011,<\/li>\n<li><em>Merger clause jako zastrze\u017cenie wy\u0142\u0105czno\u015bci dokumentu, klauzula integralno\u015bci umowy, regu\u0142a wyk\u0142adni umowy<\/em>, Warszawa 2013,<\/li>\n<li>Zbi\u00f3r kazus\u00f3w z prawa cywilnego (praca zbiorowa), Warszawa 2017,<\/li>\n<li>Disscussion Draft of a Directive on Online Intermediary Platforms. Commentary, Ch. Busch, G. Dannemann, H. Schulte \u2013 Nolke, A. Wiewi\u00f3rowska \u2013 Domagalska, F. Zoll (red.) \u2013 komentarz do art. 18, Krak\u00f3w 2019,<\/li>\n<\/ol>\n<p>&nbsp;<\/p>\n<h3><strong>Articles in scientific journals<\/strong><\/h3>\n<p><strong>\u00a0<\/strong><\/p>\n<ol>\n<li>Podmiotowe i przedmiotowe przes\u0142anki zako\u0144czenia stosunku najmu lokalu mieszkalnego, Transformacje Prawa Prywatnego nr 1-2\/ 2002,<\/li>\n<li>Prorogacja s\u0105du w obrocie konsumenckim, Kwartalnik Prawa Prywatnego nr 4\/2003,<\/li>\n<li>Skarga o stwierdzenie niezgodno\u015bci z prawem prawomocnego orzeczenia jako przes\u0142anka (braku) odpowiedzialno\u015bci Skarbu Pa\u0144stwa, Transformacje Prawa Prywatnego, nr 1\/2007,<\/li>\n<li>Nieuczciwe postanowienia umowne w projekcie dyrektywy o prawach konsumenta, Zasadach Acquis, DCFR. R\u00f3\u017cne \u015brodki do tego samego celu?, Transformacje Prawa Prywatnego 2009\/1-2;<\/li>\n<li>Dyspozytywny charakter przepis\u00f3w o terminie przedawnienia, Transformacje Prawa Prywatnego nr 2\/1010,<\/li>\n<li>Uzasadnienie projektu \u201eTre\u015b\u0107, wykonanie i naruszenie zobowi\u0105za\u0144\u201d (wsp\u00f3\u0142autorstwo z F. Zollem), Transformacje Prawa Prywatnego nr 4\/2010,<\/li>\n<li>Uzasadnienie projektu \u201eNiedozwolone postanowienia i wzorce\u201d (wsp\u00f3\u0142autorstwo z F. Zollem), Transformacje Prawa Prywatnego nr 4\/2010,<\/li>\n<li>Uzasadnienie projektu \u201eObowi\u0105zki informacyjne\u201d (wsp\u00f3\u0142autorstwo z F. Zollem), Transformacje Prawa Prywatnego nr 4\/2010,<\/li>\n<li>Za\u0142o\u017cenia projektu struktury cz\u0119\u015bci szczeg\u00f3\u0142owej zobowi\u0105za\u0144. W poszukiwaniu nowego modelu, Transformacje Prawa Prywatnego nr 1\/2012 (wsp\u00f3\u0142autorstwo z F. Zollem,<\/li>\n<li>Sprzeda\u017c konsumencka de lege ferenda, Transformacje Prawa Prywatnego nr 2\/2012,<\/li>\n<li>Zarys rosyjskiej regulacji \u015bwiadczenia us\u0142ug, Transformacje Prawa Prywatnego 3\/2014,<\/li>\n<li>Orzecznictwo Trybuna\u0142u Sprawiedliwo\u015bci Unii Europejskiej w sprawach nieuczciwych praktyk rynkowych i nieuczciwych postanowie\u0144 umownych, Kwartalnik Prawa Prywatnego z. 3\/2014 (wsp\u00f3\u0142autorstwo z J. Zatorsk\u0105, red. M. Pecyna),<\/li>\n<li>Orzecznictwo Trybuna\u0142u Sprawiedliwo\u015bci Unii Europejskiej w sprawach sprzeda\u017cy konsumenckiej i kredytu konsumenckiego, Kwartalnik Prawa Prywatnego z. 1\/2015 (wsp\u00f3\u0142autorstwo z D. Rogo\u0144, red. M. Pecyna),<\/li>\n<li>Wp\u0142yw Konwencji wiede\u0144skiej na integracj\u0119 prawa um\u00f3w, Polsko \u2013 Ukrai\u0144skie studia z europejskiego prawa um\u00f3w, nr1\/2004,<\/li>\n<li>Contemporary trends in the regulation of the control scope of covenants in European proposals and in Polish Civil Code project, WCR, 2010\/9,<\/li>\n<li>Mediation proceedings and a settlement in the frames of Polish civil proceedings as an alternative manner of resolution of disputes in Polish law, WCR 2010\/2,<\/li>\n<li>The Russian and Polish Concept of the Law of Services \u2013 A Comparative Review and Some Remarks de lege ferenda, Osteuropa Recht 2\/2014,<\/li>\n<\/ol>\n<h3><\/h3>\n<h3><strong>Articles (chapters) in composite works<\/strong><\/h3>\n<p>&nbsp;<\/p>\n<ol>\n<li>\u201eDochodzenie nale\u017cno\u015bci\u201d, wsp\u00f3\u0142autorstwo pracy zbiorowej pod red. Fryderyka Zolla, Wydawnictwo Wy\u017cszej Szko\u0142y Umiej\u0119tno\u015bci w Kielcach 2003,<\/li>\n<li>Zbi\u00f3r orzecze\u0144 s\u0105dowych do zaj\u0119\u0107 z prawa cywilnego. Cz\u0119\u015b\u0107 og\u00f3lna (pod red. F. Zolla), Zakamycze 2006,<\/li>\n<li>\u201eWykonanie i skutki naruszenia zobowi\u0105za\u0144. Projekt z uzasadnieniem\u201d, (wsp\u00f3\u0142autorstwo, red. M. Pecyna), Krak\u00f3w 2009,<\/li>\n<li>Studencka Poradnia Prawna. Metodologia Pracy w SPP (wsp\u00f3\u0142autorstwo pod red. I. Kra\u015bnickiej), Warszawa 2009, M. Pecyna (red. rozdzia\u0142u Prawo cywilne),<\/li>\n<li>\u0421\u0430\u043d\u043a\u0446\u0438\u044f \u043d\u0430\u0440\u0443\u0448\u0435\u043d\u0438\u044f \u0438\u043d\u0444\u043e\u0440\u043c\u0430\u0446\u0438\u043e\u043d\u043d\u044b\u0445 \u043e\u0431\u044f\u0437\u0430\u043d\u043d\u043e\u0441\u0442\u0435\u0439 \u0432 \u0440\u0430\u043c\u043a\u0430\u0445 \u0437\u0430\u043a\u043e\u043d\u0430 \u043e \u043f\u043e\u0442\u0440\u0435\u0431\u0438\u0442\u0435\u043b\u044c\u0441\u043a\u043e\u043c \u043a\u0440\u0435\u0434\u0438\u0442\u0435 (Sankcja za naruszenie obowi\u0105zk\u00f3w informacyjnych na podstawie ustawy o kredycie konsumenckim) (wsp\u00f3\u0142autorstwo z F. Zollem)Psk\u00f3w 2004,<\/li>\n<li>Zr\u00f3\u017cnicowanie w s\u0142u\u017cbie harmonizacji \u2013 czyli o implementacji dyrektyw wsp\u00f3lnotowych do krajowego porz\u0105dku prawnego, Kielce 2004,<\/li>\n<li>Istotne naruszenie umowy w prawie rosyjskim w \u015bwietle prawa europejskiego i Konwencji Wiede\u0144skiej z 1980 r., Prace po\u015bwi\u0119cone pami\u0119ci Adama Uruszczaka, Prace Instytutu W\u0142asno\u015bci Intelektualnej nr 96, Zakamycze 2006,<\/li>\n<li>Wymiana towaru w razie niezgodno\u015bci z umow\u0105 w \u015bwietle orzecznictwa Europejskiego Trybuna\u0142u Sprawiedliwo\u015bci (sprawa Quelle C-404\/06), w: E. Gniewek, K. G\u00f3rska, P. Machnikowski, Zaci\u0105ganie i wykonywanie zobowi\u0105za\u0144. Materia\u0142y III Og\u00f3lnopolskiego Zjazdu Cywilist\u00f3w (Wroc\u0142aw, 25-27.9.2008 r.), Warszawa 2010,<\/li>\n<li>Europejski kodeks cywilny a sektorowa harmonizacja prawa prywatnego, w: M. Pazdan i in. (red.), Europeizacja prawa prywatnego, Wolters Kluwer, Warszawa 2008,<\/li>\n<li>Regulacja niedozwolonych postanowie\u0144 umownych, w: E. Rott \u2013 Pietrzyk, A. Wiewi\u00f3rowska \u2013 Domagalska i in. (red.), Kierunki rozwoju europejskiego prawa prywatnego &#8211; Wp\u0142yw europejskiego prawa konsumenckiego na prawo krajowe, Warszawa 2012,<\/li>\n<li>Post\u0119powanie \u201edw\u00f3ch pr\u0119dko\u015bci\u201d w nowelizacji Kodeksu post\u0119powania cywilnego w:Pisuli\u0144ski, P. Tereszkiewicz, F. Zoll (red.), Rozprawy z prawa cywilnego, w\u0142asno\u015bci intelektualnej i prawa prywatnego mi\u0119dzynarodowego. Ksi\u0119ga pami\u0105tkowa dedykowana Profesorowi Bogus\u0142awowi Gawlikowi, Warszawa 2012,<\/li>\n<li>Pierwsza dama polskiego ruchu klinicznego w: W. G\u00f3rowski, P. Kardas, W. Wr\u00f3bel, T. Sroka (red), Zagadnienia teorii i nauczania prawa karnego. Kara \u0142\u0105czna. Ksi\u0119ga Jubileuszowa Profesor Marii Szewczyk, Warszawa 2013;<\/li>\n<li>Wsp\u00f3\u0142w\u0142asno\u015b\u0107 a wielopodmiotowo\u015b\u0107 strony umowy w: M. Pecyna, J. Pisuli\u0144ski, M. Podrecka (red.), Rozprawy cywilistyczne. Ksi\u0119ga pami\u0105tkowa dedykowana Profesorowi Edwardowi Drozdowi, Warszawa 2013,<\/li>\n<li>Umowy zawierane na odleg\u0142o\u015b\u0107 i poza lokalem przedsi\u0119biorstwa w: S. W\u0142odyka (red.), System Prawa Handlowego, Tom 5, Prawo um\u00f3w handlowych, Warszawa 2014<\/li>\n<li>Regulacja \u015bwiadczenia us\u0142ug jako wyzwanie legislacyjne (wsp\u00f3\u0142autorstwo z F. Zollem) w: A. Olejniczak, J. Haberko, D. Soko\u0142owska, A. Pyrzy\u0144ska (red.), Wsp\u00f3\u0142czesne problemy prawa zobowi\u0105za\u0144, Warszawa 2015,<\/li>\n<li>Konsumenckie prawo odst\u0105pienia od umowy w czasie do namys\u0142u w: D. Karczewska, M. Namys\u0142owska, T. Skoczny (red.), Ustawa o prawach konsumenta \u2013 szanse i zagro\u017cenia, Warszawa 2015,<\/li>\n<li>Za\u0142o\u017cenia regulacji zobowi\u0105za\u0144 w projekcie kodeksu cywilnego w: P. Stec, M. Za\u0142ucki, \u201e50 lat kodeksu cywilnego. Perspektywy rekodyfikacji\u201d, Warszawa 2015,<\/li>\n<li>\u0423\u0447\u0435\u043d\u0438\u0435 \u043e \u043f\u0440\u0430\u0432\u043e\u0432\u043e\u0439 \u043f\u043e\u043b\u0438\u0442\u0438\u043a\u0435 \u041b\u044c\u0432\u0430 \u041f\u0435\u0442\u0440\u0430\u0436\u0438\u0446\u043a\u043e\u0433\u043e \u0438 \u0441\u043e\u0432\u0440\u0435\u043c\u0435\u043d\u043d\u044b\u0435 \u043f\u0440\u043e\u0446\u0435\u0441\u0441\u044b \u043a\u043e\u0434\u0438\u0444\u0438\u043a\u0430\u0446\u0438\u0438 w: G. F. Garaeva, J. Tur\u0142ukowski (red.), \u041c\u044b\u0441\u043b\u044c \u041b. \u0418. \u041f\u0435\u0442\u0440\u0430\u0436\u0438\u0446\u043a\u043e\u0433\u043e \u0438 \u0441\u043e\u0432\u0440\u0435\u043c\u0435\u043d\u043d\u0430\u044f \u043d\u0430\u0443\u043a\u0430 \u043f\u0440\u0430\u0432\u0430 : \u041c\u0435\u0436\u0434\u0443\u043d\u0430\u0440\u043e\u0434\u043d\u0430\u044f \u043d\u0430\u0443\u0447\u043d\u043e-\u043f\u0440\u0430\u043a\u0442\u0438\u0447\u0435\u0441\u043a\u0430\u044f \u0432\u0438\u0434\u0435\u043e\u043a\u043e\u043d\u0444\u0435\u0440\u0435\u043d\u0446\u0438\u044f, Krasnodar 2016,<\/li>\n<li>Nauka polityki prawa Leona Petra\u017cyckiego a wsp\u00f3\u0142czesne procesy kodyfikacyjne, w: G. F. Garaeva, J. Tur\u0142ukowski (red.), \u041c\u044b\u0441\u043b\u044c \u041b. \u0418. \u041f\u0435\u0442\u0440\u0430\u0436\u0438\u0446\u043a\u043e\u0433\u043e \u0438 \u0441\u043e\u0432\u0440\u0435\u043c\u0435\u043d\u043d\u0430\u044f \u043d\u0430\u0443\u043a\u0430 \u043f\u0440\u0430\u0432\u0430 : \u041c\u0435\u0436\u0434\u0443\u043d\u0430\u0440\u043e\u0434\u043d\u0430\u044f \u043d\u0430\u0443\u0447\u043d\u043e-\u043f\u0440\u0430\u043a\u0442\u0438\u0447\u0435\u0441\u043a\u0430\u044f \u0432\u0438\u0434\u0435\u043e\u043a\u043e\u043d\u0444\u0435\u0440\u0435\u043d\u0446\u0438\u044f, Krasnodar 2016,<\/li>\n<li>Umowy zawierane na odleg\u0142o\u015b\u0107 i poza lokalem przedsi\u0119biorstwa w: M. Stec (red.), System Prawa Handlowego, Tom 5, Prawo um\u00f3w handlowych, Warszawa 2017,<\/li>\n<li>Platformy internetowe: nowy kierunek prawa um\u00f3w w: Z. Kuniewicz, D. Soko\u0142owska (red.), Prawo kontrakt\u00f3w, Warszawa 2017,<\/li>\n<li>Mi\u0119dzywojenna refleksja o cz\u0119\u015bci og\u00f3lnej prawa cywilnego i jej donios\u0142o\u015b\u0107 dla kodeksu cywilnego, Pa\u0144stwo i Prawo nr 11\/2018,<\/li>\n<li>\u0426\u0435\u0441\u0441\u0438\u044f (\u043f\u0435\u0440\u0435\u0443\u0441\u0442\u0435\u043f\u043a\u0430 \u043f\u0440\u0430\u0432\u0430 \u0442\u0440\u0435\u0431\u043e\u0432\u0430\u043d\u0438\u044f \u043f\u043e\u0434 \u043e\u0431\u0435\u0441\u043f\u0435\u0447\u0435\u043d\u0438\u0435\u201d (Cesja wierzytelno\u015bci na zabezpieczenie), opublikowany w zbiorze materia\u0142\u00f3w konferencyjnych w Mi\u0119dzynarodowym Instytucie Prawa przy Ministerstwie Sprawiedliwo\u015bci Federacji Rosyjskiej \u201e\u041e\u0431\u0435\u0441\u043f\u0435\u0447\u0435\u043d\u0438\u0435 \u0438\u0441\u043f\u043e\u043b\u043d\u0435\u043d\u0438\u044f \u043e\u0431\u044f\u0437\u0430\u0442\u0435\u043b\u044c\u0441\u0442\u0432\u201d (Zabezpieczenia wykonania zobowi\u0105za\u0144), Moskwa, 2002,<\/li>\n<\/ol>\n<p>&nbsp;<\/p>\n<h4><strong>Other publications<\/strong><\/h4>\n<h3><strong>Editing of collective works<\/strong><\/h3>\n<p>&nbsp;<\/p>\n<ol>\n<li><em>\u201eWykonanie i skutki naruszenia zobowi\u0105za\u0144. Projekt z uzasadnieniem\u201d, (wsp\u00f3\u0142autorstwo, red. M. Pecyna), Krak\u00f3w 2009,<\/em><\/li>\n<li><em>Studencka Poradnia Prawna. Metodologia Pracy w SPP (wsp\u00f3\u0142autorstwo pod red. I. Kra\u015bnickiej), Warszawa 2009, M. Pecyna (red. rozdzia\u0142u Prawo cywilne),<\/em><\/li>\n<li><em>Redakcja przek\u0142adu z j\u0119zyka angielskiego na polski DCFR z komentarzem (Principles, Definitions and Model Rules of European Private Law. Draft Common Frame of Reference (DCFR). Full Edition, Ch. von Bar, E. Clive (red.));<\/em><\/li>\n<li><em>Wsp\u00f3\u0142w\u0142asno\u015b\u0107 a wielopodmiotowo\u015b\u0107 strony umowy w: M. Pecyna, J. Pisuli\u0144ski, M. Podrecka (red.), Rozprawy cywilistyczne. Ksi\u0119ga pami\u0105tkowa dedykowana Profesorowi Edwardowi Drozdowi, Warszawa 2013,<\/em><\/li>\n<li><em>Orzecznictwo Trybuna\u0142u Sprawiedliwo\u015bci Unii Europejskiej w sprawach nieuczciwych praktyk rynkowych i nieuczciwych postanowie\u0144 umownych, Kwartalnik Prawa Prywatnego z. 3\/2014 (red. M. Pecyna),<\/em><\/li>\n<li><em>Orzecznictwo Trybuna\u0142u Sprawiedliwo\u015bci Unii Europejskiej w sprawach sprzeda\u017cy konsumenckiej i kredytu konsumenckiego, Kwartalnik Prawa Prywatnego z. 1\/2015 (red. M. Pecyna),<\/em><\/li>\n<li><em>Komentarz do kodeksu cywilnego. Cz\u0119\u015b\u0107 og\u00f3lna (red. M. Pecyna), Wydawnictwo Wolters Kluwer (w druku),<\/em><\/li>\n<\/ol>\n<p>&nbsp;<\/p>\n<h3><strong>Marginal glosses<\/strong><\/h3>\n<p><strong>\u00a0<\/strong><\/p>\n<ol>\n<li>Glosa do wyroku SN z 24 stycznia 2008 r. (I CSK 341\/07) (opublikowany na stronie HFPC),<\/li>\n<\/ol>\n<p>&nbsp;<\/p>\n<h3><strong>Electronic comments<br \/>\n<\/strong><\/h3>\n<p><strong>\u00a0<\/strong><\/p>\n<ol>\n<li>Komentarz do art. 22<sup>1 <\/sup>c., art. 66, 66<sup>1<\/sup>, 66<sup>2<\/sup>, 68<sup>1<\/sup>, 68<sup>2<\/sup>, 69, 70, 384 \u00a74 k.c. dodanych b\u0105d\u017a znowelizowanych ustaw\u0105 z dnia 14 lutego 2003 r. o zmianie Kodeksu cywilnego oraz niekt\u00f3rych innych ustaw (wersja elektroniczna LEX).<\/li>\n<\/ol>\n<p>&nbsp;<\/p>\n<h3><strong>Translations<\/strong><\/h3>\n<p>&nbsp;<\/p>\n<ol>\n<li>z j\u0119zyka rosyjskiego na polski: Oleg Kuznietzow: <em>Dzia\u0142alno\u015b\u0107 S\u0105du Konstytucyjnego Republiki Bia\u0142orusi<\/em>, Transformacje Prawa Prywatnego 2003\/2 (21 stron),<\/li>\n<li>z j\u0119zyka polskiego na rosyjski artyku\u0142\u00f3w: F. Czernicki <em>Droga do powo\u0142ania Fundacji Uniwersyteckich Poradni Prawnych<\/em>, F. Czernicki <em>Podr\u00f3\u017c studyjna do Republiki Po\u0142udniowej Afryki<\/em>, D. Buniak <em>Alternatywa wewn\u0119trznego uchod\u017astwa w ustawie o cudzoziemcach \u2013 odniesienie do prawa europejskiego oraz mi\u0119dzynarodowego<\/em>, M. Cholewa <em>Klient poradni jako strona procesu w sprawach ubezpieczenia spo\u0142ecznego<\/em>\u00a0 (zamieszczone w czasopi\u015bmie Klinika z 2005 r.)<\/li>\n<li>z j\u0119zyka angielskiego na rosyjski artyku\u0142u C. Klein <em>Symulacja procesowa w sprawie przemocy w rodzinie<\/em> (zamieszczone w czasopi\u015bmie Klinika z 2005 r.)<\/li>\n<li>z j\u0119zyka rosyjskiego na polski G. Ihnat <em>Studencka poradnia prawna na Miszkolckim Uniwersytecie w oczach student\u00f3w<\/em> (zamieszczone w czasopi\u015bmie Klinika z 2005 r.);<\/li>\n<li>z j\u0119zyka angielskiego na polski Zasady <em>Acquis<\/em>, opublikowane z artyku\u0142em wprowadzaj\u0105cym, Kwartalnik Prawa Prywatnego, 3\/2008,<\/li>\n<li>z j\u0119zyka angielskiego na polski Ksi\u0119ga I i II DCFR z komentarzem (<em>Principles, Definitions and Model Rules of European Private Law. <\/em><em>Draft Common Frame of Reference (DCFR). Full Edition<\/em>, Ch. von Bar, E. Clive (red.)),<\/li>\n<\/ol>\n<p>&nbsp;<\/p>\n<h3><strong>Popular science works<\/strong><\/h3>\n<p><strong>\u00a0<\/strong><\/p>\n<ol>\n<li>\u015awiadczenie pomocy prawnej w Polsce w perspektywie otwarcia rynku us\u0142ug prawniczych; publikacja jako zbi\u00f3r materia\u0142\u00f3w konferencyjnych; Krak\u00f3w 2004,<\/li>\n<li>W poszukiwaniu prawa sprawiedliwego, Alma Mater nr10\/2004,<\/li>\n<li>Structuring a justice curriculum for the future, News Letter, nr 25\/2004,<\/li>\n<li>Curriculum wykszta\u0142cenia prawnika, Forum Akademickie nr 11\/2004,<\/li>\n<li>The concept of legal clinics in Poland, Japan Law Journal nr 2\/2007,<\/li>\n<li>Dni kultury pokoju na UJ, Alma Mater 5\/2008,<\/li>\n<li>Nauka a praktyka prawnicza, MIDA nr 6\/2011<\/li>\n<li>Poza protoko\u0142em, MIDA nr 8\/2011<\/li>\n<li>Wst\u0119pna narada sk\u0142adu orzekaj\u0105cego przed rozpraw\u0105 apelacyjn\u0105 \u2013 Iustitia nr 4\/2012<\/li>\n<li>Deregulacja, czyli rozregulowanie zamiast nowoczesnego uregulowania zawod\u00f3w prawniczych \u2013 Iustitia nr 3\/2013,<\/li>\n<li>Uniwersyteckie zwi\u0105zki, PAUza, nr 293\/2015<\/li>\n<\/ol>\n<p><\/p>","protected":false},"excerpt":{"rendered":"<p>The list below contains selected scientific and popular science publications &nbsp; Books: monographs, comments &nbsp; \u201eKomentarz do ustawy o ochronie praw lokator\u00f3w, mieszkaniowym zasobie gminy i o zmianie Kodeksu cywilnego\u201d, Dom Wydawniczy ABC, Warszawa 2002; wsp\u00f3\u0142autorstwo z F. Zollem i M. Olczyk, \u201eKontrola wzorc\u00f3w umownych poza obrotem konsumenckim\u201d, Zakamycze 2003, \u201eUstawa o sprzeda\u017cy konsumenckiej. Komentarz\u201d, [&hellip;]<\/p>\n","protected":false},"author":1,"featured_media":0,"parent":0,"menu_order":0,"comment_status":"closed","ping_status":"closed","template":"","meta":{"_monsterinsights_skip_tracking":false,"_monsterinsights_sitenote_active":false,"_monsterinsights_sitenote_note":"","_monsterinsights_sitenote_category":0,"footnotes":""},"class_list":["post-63","page","type-page","status-publish","hentry"],"_links":{"self":[{"href":"https:\/\/marlenapecyna.eu\/en\/wp-json\/wp\/v2\/pages\/63","targetHints":{"allow":["GET"]}}],"collection":[{"href":"https:\/\/marlenapecyna.eu\/en\/wp-json\/wp\/v2\/pages"}],"about":[{"href":"https:\/\/marlenapecyna.eu\/en\/wp-json\/wp\/v2\/types\/page"}],"author":[{"embeddable":true,"href":"https:\/\/marlenapecyna.eu\/en\/wp-json\/wp\/v2\/users\/1"}],"replies":[{"embeddable":true,"href":"https:\/\/marlenapecyna.eu\/en\/wp-json\/wp\/v2\/comments?post=63"}],"version-history":[{"count":5,"href":"https:\/\/marlenapecyna.eu\/en\/wp-json\/wp\/v2\/pages\/63\/revisions"}],"predecessor-version":[{"id":69,"href":"https:\/\/marlenapecyna.eu\/en\/wp-json\/wp\/v2\/pages\/63\/revisions\/69"}],"wp:attachment":[{"href":"https:\/\/marlenapecyna.eu\/en\/wp-json\/wp\/v2\/media?parent=63"}],"curies":[{"name":"wp","href":"https:\/\/api.w.org\/{rel}","templated":true}]}}